{"id":157,"date":"2018-07-04T09:06:35","date_gmt":"2018-07-04T09:06:35","guid":{"rendered":"http:\/\/semikem.ba\/nova\/?page_id=157"},"modified":"2021-01-25T13:12:59","modified_gmt":"2021-01-25T13:12:59","slug":"politika-kvaliteta","status":"publish","type":"page","link":"http:\/\/semikem.ba\/nova\/politika-kvaliteta\/","title":{"rendered":"Politika kvaliteta"},"content":{"rendered":"\t\t<div data-elementor-type=\"wp-post\" data-elementor-id=\"157\" class=\"elementor elementor-157\">\n\t\t\t\t\t\t<div class=\"elementor-inner\">\n\t\t\t\t<div class=\"elementor-section-wrap\">\n\t\t\t\t\t\t\t\t\t<section class=\"elementor-section elementor-top-section elementor-element elementor-element-3bcbb7c elementor-section-boxed elementor-section-height-default elementor-section-height-default\" data-id=\"3bcbb7c\" data-element_type=\"section\">\n\t\t\t\t\t\t<div class=\"elementor-container elementor-column-gap-default\">\n\t\t\t\t\t\t\t<div class=\"elementor-row\">\n\t\t\t\t\t<div class=\"elementor-column elementor-col-100 elementor-top-column elementor-element elementor-element-2a10613\" data-id=\"2a10613\" data-element_type=\"column\">\n\t\t\t<div class=\"elementor-column-wrap elementor-element-populated\">\n\t\t\t\t\t\t\t<div class=\"elementor-widget-wrap\">\n\t\t\t\t\t\t<div class=\"elementor-element elementor-element-45a24ca elementor-widget elementor-widget-text-editor\" data-id=\"45a24ca\" data-element_type=\"widget\" data-widget_type=\"text-editor.default\">\n\t\t\t\t<div class=\"elementor-widget-container\">\n\t\t\t\t\t\t\t\t<div class=\"elementor-text-editor elementor-clearfix\">\n\t\t\t\t<p>SEMIKEM\u00a0d.o.o. je opredjeljen da proizvodi i prodaje kvalitetne proizvode koji zadovoljavaju, i kad god je mogu\u0107e prevazilaze o\u010dekivanja kupaca.<\/p><p>U tom cilju SEMIKEM d.o.o:<\/p><p>\u2022 Semikem doo proizvodi su ura\u0111eni u skladu sa dobrom laboratorijskom praksom, zakonskim procedurama i normativima i usagla\u0161eni sa propisanim pravilima certifikacije.<br \/>\u2022 Na\u0161i proizvodi su djelo visoko stru\u010dnih obrazovanih mladih ljudi \u010dije su polje djelovanja primjenjene nauke, medicina, biologija, farmacija, hemijska tehnologija.<br \/>\u2022 Semikem doo vodi ra\u010duna da se uposleni mladi kvalifikovani ljudi usavr\u0161avaju u segmentima djelatnosti kompanije.<br \/>\u2022 Semikem doo pru\u017ea bezbjedne uslove za rad uposlenicima u njihovoj neposrednoj okolini.<br \/>\u2022 Na\u0161i dobavlja\u010di su evaluirani certfikatima kvaliteta, pouzdani i kvalitetni proizvo\u0111a\u010di \u010dija se va\u017enost prepoznaje \u0161irom EU, Azije i SAD-a.<br \/>\u2022 Na\u0161a politika je prnicip koji su prihvatili na\u0161i klijenti i korisnici na\u0161ih usluga.<br \/>\u2022 Pravilo Semikema doo je da koristi sirovine, energiju i prirodne resurse \u0161to je mogu\u0107e racionalno i odgovorno.<br \/>\u2022 Posluje i djeluje u skladu sa zakonom za promet i proizvodnju medicinskih sredstava, biocidnih sredstava, zakona o kemikalijama, zakona o upravljanju otpadom.<br \/>\u2022 Politika upravljanja Semikema doo je da preventivno djeluje i minimizira negativne utjecaje na okoli\u0161.<br \/>\u2022 Standardizacija je ura\u0111ena ISO certifikacijom i predstavlja integrisani sistem upravljanja Semikem doo.<\/p><p>Ovom Politikom SEMIKEM d.o.o. se obavezuje na stalno pobolj\u0161avanje u\u010dinka integrisanog sistema upravljanja u skladu sa zahtjevima standarda ISO 9001:2015 i ISO 14001:2015.\u00a0<\/p><p>\u00a0<\/p>\t\t\t\t\t<\/div>\n\t\t\t\t\t\t<\/div>\n\t\t\t\t<\/div>\n\t\t\t\t<div class=\"elementor-element elementor-element-142e38a elementor-widget elementor-widget-heading\" data-id=\"142e38a\" data-element_type=\"widget\" data-widget_type=\"heading.default\">\n\t\t\t\t<div class=\"elementor-widget-container\">\n\t\t\t<h2 class=\"elementor-heading-title elementor-size-default\"> Me\u0111unarodna mre\u017ea za certifikaciju<\/h2>\t\t<\/div>\n\t\t\t\t<\/div>\n\t\t\t\t<section class=\"elementor-section elementor-inner-section elementor-element elementor-element-cd5de01 elementor-section-boxed elementor-section-height-default elementor-section-height-default\" data-id=\"cd5de01\" data-element_type=\"section\">\n\t\t\t\t\t\t<div class=\"elementor-container elementor-column-gap-default\">\n\t\t\t\t\t\t\t<div class=\"elementor-row\">\n\t\t\t\t\t<div class=\"elementor-column elementor-col-50 elementor-inner-column elementor-element elementor-element-3f15218\" data-id=\"3f15218\" data-element_type=\"column\">\n\t\t\t<div class=\"elementor-column-wrap elementor-element-populated\">\n\t\t\t\t\t\t\t<div class=\"elementor-widget-wrap\">\n\t\t\t\t\t\t<div class=\"elementor-element elementor-element-952077c elementor-widget elementor-widget-text-editor\" data-id=\"952077c\" data-element_type=\"widget\" data-widget_type=\"text-editor.default\">\n\t\t\t\t<div class=\"elementor-widget-container\">\n\t\t\t\t\t\t\t\t<div class=\"elementor-text-editor elementor-clearfix\">\n\t\t\t\t<h3><strong>UNICERT<\/strong><\/h3><p>\u00a0ISO 9001 certifikat\u00a0<\/p>\t\t\t\t\t<\/div>\n\t\t\t\t\t\t<\/div>\n\t\t\t\t<\/div>\n\t\t\t\t<div class=\"elementor-element elementor-element-edeee4e elementor-widget elementor-widget-shortcode\" data-id=\"edeee4e\" data-element_type=\"widget\" data-widget_type=\"shortcode.default\">\n\t\t\t\t<div class=\"elementor-widget-container\">\n\t\t\t\t\t<div class=\"elementor-shortcode\"><div class=\"_df_book df-lite\" id=\"df_1552\"  _slug=\"din-en-iso-9001-2015-22-05-2021\" data-title=\"din-en-iso-9001-2015-22-05-2021\" wpoptions=\"true\" thumbtype=\"\" ><\/div><script class=\"df-shortcode-script\" nowprocket type=\"application\/javascript\">window.option_df_1552 = {\"outline\":[],\"autoEnableOutline\":\"false\",\"autoEnableThumbnail\":\"false\",\"overwritePDFOutline\":\"false\",\"direction\":\"1\",\"pageSize\":\"0\",\"source\":\"http:\\\/\\\/semikem.ba\\\/nova\\\/wp-content\\\/uploads\\\/2021\\\/01\\\/DIN-EN-ISO-9001-2015-22.05.2021.pdf\",\"wpOptions\":\"true\"}; if(window.DFLIP && window.DFLIP.parseBooks){window.DFLIP.parseBooks();}<\/script><\/div>\n\t\t\t\t<\/div>\n\t\t\t\t<\/div>\n\t\t\t\t\t\t<\/div>\n\t\t\t\t\t<\/div>\n\t\t<\/div>\n\t\t\t\t<div class=\"elementor-column elementor-col-50 elementor-inner-column elementor-element elementor-element-2dc0f1f\" data-id=\"2dc0f1f\" data-element_type=\"column\">\n\t\t\t<div class=\"elementor-column-wrap elementor-element-populated\">\n\t\t\t\t\t\t\t<div class=\"elementor-widget-wrap\">\n\t\t\t\t\t\t<div class=\"elementor-element elementor-element-e394ec1 elementor-widget elementor-widget-text-editor\" data-id=\"e394ec1\" data-element_type=\"widget\" data-widget_type=\"text-editor.default\">\n\t\t\t\t<div class=\"elementor-widget-container\">\n\t\t\t\t\t\t\t\t<div class=\"elementor-text-editor elementor-clearfix\">\n\t\t\t\t<h3><strong>UNICERT<\/strong><\/h3><p>\u00a0ISO 14001 certifikat\u00a0<\/p>\t\t\t\t\t<\/div>\n\t\t\t\t\t\t<\/div>\n\t\t\t\t<\/div>\n\t\t\t\t<div class=\"elementor-element elementor-element-2a434c4 elementor-widget elementor-widget-shortcode\" data-id=\"2a434c4\" data-element_type=\"widget\" data-widget_type=\"shortcode.default\">\n\t\t\t\t<div class=\"elementor-widget-container\">\n\t\t\t\t\t<div class=\"elementor-shortcode\"><div class=\"_df_book df-lite\" id=\"df_1554\"  _slug=\"din-en-iso-14001-2015-22-05-2021\" data-title=\"din-en-iso-14001-2015-22-05-2021\" wpoptions=\"true\" thumbtype=\"\" ><\/div><script class=\"df-shortcode-script\" nowprocket type=\"application\/javascript\">window.option_df_1554 = {\"outline\":[],\"autoEnableOutline\":\"false\",\"autoEnableThumbnail\":\"false\",\"overwritePDFOutline\":\"false\",\"direction\":\"1\",\"pageSize\":\"0\",\"source\":\"http:\\\/\\\/semikem.ba\\\/nova\\\/wp-content\\\/uploads\\\/2021\\\/01\\\/DIN-EN-ISO-14001-2015-22.05.2021.pdf\",\"wpOptions\":\"true\"}; if(window.DFLIP && window.DFLIP.parseBooks){window.DFLIP.parseBooks();}<\/script><\/div>\n\t\t\t\t<\/div>\n\t\t\t\t<\/div>\n\t\t\t\t\t\t<\/div>\n\t\t\t\t\t<\/div>\n\t\t<\/div>\n\t\t\t\t\t\t\t\t<\/div>\n\t\t\t\t\t<\/div>\n\t\t<\/section>\n\t\t\t\t\t\t<\/div>\n\t\t\t\t\t<\/div>\n\t\t<\/div>\n\t\t\t\t\t\t\t\t<\/div>\n\t\t\t\t\t<\/div>\n\t\t<\/section>\n\t\t\t\t<section class=\"elementor-section elementor-top-section elementor-element elementor-element-e1a3340 elementor-section-boxed elementor-section-height-default elementor-section-height-default\" data-id=\"e1a3340\" data-element_type=\"section\">\n\t\t\t\t\t\t<div class=\"elementor-container elementor-column-gap-default\">\n\t\t\t\t\t\t\t<div class=\"elementor-row\">\n\t\t\t\t\t<div class=\"elementor-column elementor-col-100 elementor-top-column elementor-element elementor-element-341afec\" data-id=\"341afec\" data-element_type=\"column\">\n\t\t\t<div class=\"elementor-column-wrap\">\n\t\t\t\t\t\t\t<div class=\"elementor-widget-wrap\">\n\t\t\t\t\t\t\t\t<\/div>\n\t\t\t\t\t<\/div>\n\t\t<\/div>\n\t\t\t\t\t\t\t\t<\/div>\n\t\t\t\t\t<\/div>\n\t\t<\/section>\n\t\t\t\t\t\t\t\t\t<\/div>\n\t\t\t<\/div>\n\t\t\t\t\t<\/div>\n\t\t","protected":false},"excerpt":{"rendered":"<p>SEMIKEM\u00a0d.o.o. je opredjeljen da proizvodi i prodaje kvalitetne proizvode koji zadovoljavaju, i kad god je mogu\u0107e prevazilaze o\u010dekivanja kupaca. U tom cilju SEMIKEM d.o.o: \u2022 Semikem doo proizvodi su ura\u0111eni u skladu sa dobrom laboratorijskom praksom, zakonskim procedurama i normativima i usagla\u0161eni sa propisanim pravilima certifikacije.\u2022 Na\u0161i proizvodi su djelo visoko stru\u010dnih obrazovanih mladih ljudi [&hellip;]<\/p>\n","protected":false},"author":1,"featured_media":0,"parent":0,"menu_order":0,"comment_status":"closed","ping_status":"closed","template":"","meta":[],"_links":{"self":[{"href":"http:\/\/semikem.ba\/nova\/wp-json\/wp\/v2\/pages\/157"}],"collection":[{"href":"http:\/\/semikem.ba\/nova\/wp-json\/wp\/v2\/pages"}],"about":[{"href":"http:\/\/semikem.ba\/nova\/wp-json\/wp\/v2\/types\/page"}],"author":[{"embeddable":true,"href":"http:\/\/semikem.ba\/nova\/wp-json\/wp\/v2\/users\/1"}],"replies":[{"embeddable":true,"href":"http:\/\/semikem.ba\/nova\/wp-json\/wp\/v2\/comments?post=157"}],"version-history":[{"count":5,"href":"http:\/\/semikem.ba\/nova\/wp-json\/wp\/v2\/pages\/157\/revisions"}],"predecessor-version":[{"id":1558,"href":"http:\/\/semikem.ba\/nova\/wp-json\/wp\/v2\/pages\/157\/revisions\/1558"}],"wp:attachment":[{"href":"http:\/\/semikem.ba\/nova\/wp-json\/wp\/v2\/media?parent=157"}],"curies":[{"name":"wp","href":"https:\/\/api.w.org\/{rel}","templated":true}]}}