{"id":272,"date":"2018-07-06T10:10:43","date_gmt":"2018-07-06T10:10:43","guid":{"rendered":"http:\/\/semikem.ba\/nova\/?page_id=272"},"modified":"2021-04-20T08:53:30","modified_gmt":"2021-04-20T08:53:30","slug":"kontakt","status":"publish","type":"page","link":"http:\/\/semikem.ba\/nova\/kontakt\/","title":{"rendered":"Kontakt"},"content":{"rendered":"\t\t<div data-elementor-type=\"wp-post\" data-elementor-id=\"272\" class=\"elementor elementor-272\">\n\t\t\t\t\t\t<div class=\"elementor-inner\">\n\t\t\t\t<div class=\"elementor-section-wrap\">\n\t\t\t\t\t\t\t\t\t<section class=\"elementor-section elementor-top-section elementor-element elementor-element-4a458d2 elementor-section-boxed elementor-section-height-default elementor-section-height-default\" data-id=\"4a458d2\" data-element_type=\"section\">\n\t\t\t\t\t\t<div class=\"elementor-container elementor-column-gap-wider\">\n\t\t\t\t\t\t\t<div class=\"elementor-row\">\n\t\t\t\t\t<div class=\"elementor-column elementor-col-50 elementor-top-column elementor-element elementor-element-c108330\" data-id=\"c108330\" data-element_type=\"column\">\n\t\t\t<div class=\"elementor-column-wrap elementor-element-populated\">\n\t\t\t\t\t\t\t<div class=\"elementor-widget-wrap\">\n\t\t\t\t\t\t<div class=\"elementor-element elementor-element-9bc9a57 elementor-widget elementor-widget-text-editor\" data-id=\"9bc9a57\" data-element_type=\"widget\" data-widget_type=\"text-editor.default\">\n\t\t\t\t<div class=\"elementor-widget-container\">\n\t\t\t\t\t\t\t\t<div class=\"elementor-text-editor elementor-clearfix\">\n\t\t\t\t<p><strong>&#8220;SEMIKEM&#8221; d.o.o. Sarajevo<\/strong><\/p><p>ul. Omladinska 44, 71320-Vogo\u0161\u0107a-Sarajevo-BiH<br \/>Tel: +387 (0) 33 722-900<br \/>Fax: +387 (0) 33 424-106<br \/>E-mail: info@semikem.ba<br \/>semin@bih.net.ba<br \/>semikem.doo@semikem.ba<br \/>Radno vrijeme: Ponedjeljak \u2013 Petak od 08:30 do 16:30<\/p>\t\t\t\t\t<\/div>\n\t\t\t\t\t\t<\/div>\n\t\t\t\t<\/div>\n\t\t\t\t<div class=\"elementor-element elementor-element-606fec2 elementor-widget elementor-widget-google_maps\" data-id=\"606fec2\" data-element_type=\"widget\" data-widget_type=\"google_maps.default\">\n\t\t\t\t<div class=\"elementor-widget-container\">\n\t\t\t\t\t<div class=\"elementor-custom-embed\">\n\t\t\t<iframe loading=\"lazy\"\n\t\t\t\t\tsrc=\"https:\/\/maps.google.com\/maps?q=Sarajevo%20str.%20Omladinska%2044%2C%2071320-Vogosca-Sarajevo-BiH%20&#038;t=m&#038;z=10&#038;output=embed&#038;iwloc=near\"\n\t\t\t\t\ttitle=\"Sarajevo str. Omladinska 44, 71320-Vogosca-Sarajevo-BiH \"\n\t\t\t\t\taria-label=\"Sarajevo str. Omladinska 44, 71320-Vogosca-Sarajevo-BiH \"\n\t\t\t><\/iframe>\n\t\t<\/div>\n\t\t\t\t<\/div>\n\t\t\t\t<\/div>\n\t\t\t\t\t\t<\/div>\n\t\t\t\t\t<\/div>\n\t\t<\/div>\n\t\t\t\t<div class=\"elementor-column elementor-col-50 elementor-top-column elementor-element elementor-element-369452a\" data-id=\"369452a\" data-element_type=\"column\">\n\t\t\t<div class=\"elementor-column-wrap elementor-element-populated\">\n\t\t\t\t\t\t\t<div class=\"elementor-widget-wrap\">\n\t\t\t\t\t\t<div class=\"elementor-element elementor-element-305add8 elementor-widget elementor-widget-text-editor\" data-id=\"305add8\" data-element_type=\"widget\" data-widget_type=\"text-editor.default\">\n\t\t\t\t<div class=\"elementor-widget-container\">\n\t\t\t\t\t\t\t\t<div class=\"elementor-text-editor elementor-clearfix\">\n\t\t\t\t<p><strong>POSLOVNA\u00a0JEDINICA MALOPRODAJE &#8220;SEMIKEM 3&#8221; Sarajevo<\/strong><\/p><p>ul .Nedima Filipivi\u0107a 1, (\u010cengi\u0107 Vila) Sarajevo<br \/>Tel: 387 (0) 33 610-666<br \/>Fax: 387 (0) 33 610-666<br \/>E-mail: info@semikem.ba<br \/>semin@bih.net.ba<br \/>semikem.doo@semikem.ba<br \/>Radno vrijeme: Ponedjeljak \u2013 Subota od 08:30 do 16:30<\/p>\t\t\t\t\t<\/div>\n\t\t\t\t\t\t<\/div>\n\t\t\t\t<\/div>\n\t\t\t\t<div class=\"elementor-element elementor-element-122b3e7 elementor-widget elementor-widget-google_maps\" data-id=\"122b3e7\" data-element_type=\"widget\" data-widget_type=\"google_maps.default\">\n\t\t\t\t<div class=\"elementor-widget-container\">\n\t\t\t\t\t<div class=\"elementor-custom-embed\">\n\t\t\t<iframe loading=\"lazy\"\n\t\t\t\t\tsrc=\"https:\/\/maps.google.com\/maps?q=Nedima%20Filipovi%C4%87a&#038;t=m&#038;z=10&#038;output=embed&#038;iwloc=near\"\n\t\t\t\t\ttitle=\"Nedima Filipovi\u0107a\"\n\t\t\t\t\taria-label=\"Nedima Filipovi\u0107a\"\n\t\t\t><\/iframe>\n\t\t<\/div>\n\t\t\t\t<\/div>\n\t\t\t\t<\/div>\n\t\t\t\t\t\t<\/div>\n\t\t\t\t\t<\/div>\n\t\t<\/div>\n\t\t\t\t\t\t\t\t<\/div>\n\t\t\t\t\t<\/div>\n\t\t<\/section>\n\t\t\t\t<section class=\"elementor-section elementor-top-section elementor-element elementor-element-d64ed67 elementor-section-boxed elementor-section-height-default elementor-section-height-default\" data-id=\"d64ed67\" data-element_type=\"section\">\n\t\t\t\t\t\t<div class=\"elementor-container elementor-column-gap-default\">\n\t\t\t\t\t\t\t<div class=\"elementor-row\">\n\t\t\t\t\t<div class=\"elementor-column elementor-col-100 elementor-top-column elementor-element elementor-element-6b7204e\" data-id=\"6b7204e\" data-element_type=\"column\">\n\t\t\t<div class=\"elementor-column-wrap elementor-element-populated\">\n\t\t\t\t\t\t\t<div class=\"elementor-widget-wrap\">\n\t\t\t\t\t\t<section class=\"elementor-section elementor-inner-section elementor-element elementor-element-9725044 elementor-section-boxed elementor-section-height-default elementor-section-height-default\" data-id=\"9725044\" data-element_type=\"section\">\n\t\t\t\t\t\t<div class=\"elementor-container elementor-column-gap-default\">\n\t\t\t\t\t\t\t<div class=\"elementor-row\">\n\t\t\t\t\t<div class=\"elementor-column elementor-col-100 elementor-inner-column elementor-element elementor-element-a444885\" data-id=\"a444885\" data-element_type=\"column\">\n\t\t\t<div class=\"elementor-column-wrap elementor-element-populated\">\n\t\t\t\t\t\t\t<div class=\"elementor-widget-wrap\">\n\t\t\t\t\t\t<div class=\"elementor-element elementor-element-3a470c1 elementor-widget elementor-widget-shortcode\" data-id=\"3a470c1\" data-element_type=\"widget\" data-widget_type=\"shortcode.default\">\n\t\t\t\t<div class=\"elementor-widget-container\">\n\t\t\t\t\t<div class=\"elementor-shortcode\"><div class=\"wpforms-container wpforms-container-full\" id=\"wpforms-1229\"><form id=\"wpforms-form-1229\" class=\"wpforms-validate wpforms-form\" data-formid=\"1229\" method=\"post\" enctype=\"multipart\/form-data\" action=\"\/nova\/wp-json\/wp\/v2\/pages\/272\" data-token=\"90f07fad77884476939b01768b163ae4\" data-token-time=\"1777557688\"><noscript class=\"wpforms-error-noscript\">Please enable JavaScript in your browser to complete this form.<\/noscript><div class=\"wpforms-field-container\"><div id=\"wpforms-1229-field_0-container\" class=\"wpforms-field wpforms-field-name\" data-field-id=\"0\"><label class=\"wpforms-field-label\" for=\"wpforms-1229-field_0\">Ime <span class=\"wpforms-required-label\">*<\/span><\/label><input type=\"text\" id=\"wpforms-1229-field_0\" class=\"wpforms-field-medium wpforms-field-required\" name=\"wpforms[fields][0]\" required><\/div><div id=\"wpforms-1229-field_1-container\" class=\"wpforms-field wpforms-field-email\" data-field-id=\"1\"><label class=\"wpforms-field-label\" for=\"wpforms-1229-field_1\">Email <span class=\"wpforms-required-label\">*<\/span><\/label><input type=\"email\" id=\"wpforms-1229-field_1\" class=\"wpforms-field-medium wpforms-field-required\" name=\"wpforms[fields][1]\" spellcheck=\"false\" required><\/div><div id=\"wpforms-1229-field_2-container\" class=\"wpforms-field wpforms-field-textarea\" data-field-id=\"2\"><label class=\"wpforms-field-label\" for=\"wpforms-1229-field_2\">Poruka <span class=\"wpforms-required-label\">*<\/span><\/label><textarea id=\"wpforms-1229-field_2\" class=\"wpforms-field-medium wpforms-field-required\" name=\"wpforms[fields][2]\" required><\/textarea><\/div><\/div><!-- .wpforms-field-container --><div class=\"wpforms-submit-container\" ><input type=\"hidden\" name=\"wpforms[id]\" value=\"1229\"><input type=\"hidden\" name=\"page_title\" value=\"\"><input type=\"hidden\" name=\"page_url\" value=\"http:\/\/semikem.ba\/nova\/wp-json\/wp\/v2\/pages\/272\"><input type=\"hidden\" name=\"url_referer\" value=\"\"><button type=\"submit\" name=\"wpforms[submit]\" id=\"wpforms-submit-1229\" class=\"wpforms-submit\" data-alt-text=\"Slanje...\" data-submit-text=\"Po\u0161alji\" aria-live=\"assertive\" value=\"wpforms-submit\">Po\u0161alji<\/button><\/div><\/form><\/div>  <!-- .wpforms-container --><\/div>\n\t\t\t\t<\/div>\n\t\t\t\t<\/div>\n\t\t\t\t\t\t<\/div>\n\t\t\t\t\t<\/div>\n\t\t<\/div>\n\t\t\t\t\t\t\t\t<\/div>\n\t\t\t\t\t<\/div>\n\t\t<\/section>\n\t\t\t\t\t\t<\/div>\n\t\t\t\t\t<\/div>\n\t\t<\/div>\n\t\t\t\t\t\t\t\t<\/div>\n\t\t\t\t\t<\/div>\n\t\t<\/section>\n\t\t\t\t\t\t\t\t\t<\/div>\n\t\t\t<\/div>\n\t\t\t\t\t<\/div>\n\t\t","protected":false},"excerpt":{"rendered":"<p>&#8220;SEMIKEM&#8221; d.o.o. Sarajevo ul. Omladinska 44, 71320-Vogo\u0161\u0107a-Sarajevo-BiHTel: +387 (0) 33 722-900Fax: +387 (0) 33 424-106E-mail: info@semikem.basemin@bih.net.basemikem.doo@semikem.baRadno vrijeme: Ponedjeljak \u2013 Petak od 08:30 do 16:30 POSLOVNA\u00a0JEDINICA MALOPRODAJE &#8220;SEMIKEM 3&#8221; Sarajevo ul .Nedima Filipivi\u0107a 1, (\u010cengi\u0107 Vila) SarajevoTel: 387 (0) 33 610-666Fax: 387 (0) 33 610-666E-mail: info@semikem.basemin@bih.net.basemikem.doo@semikem.baRadno vrijeme: Ponedjeljak \u2013 Subota od 08:30 do 16:30<\/p>\n","protected":false},"author":1,"featured_media":0,"parent":0,"menu_order":0,"comment_status":"closed","ping_status":"closed","template":"elementor_header_footer","meta":[],"_links":{"self":[{"href":"http:\/\/semikem.ba\/nova\/wp-json\/wp\/v2\/pages\/272"}],"collection":[{"href":"http:\/\/semikem.ba\/nova\/wp-json\/wp\/v2\/pages"}],"about":[{"href":"http:\/\/semikem.ba\/nova\/wp-json\/wp\/v2\/types\/page"}],"author":[{"embeddable":true,"href":"http:\/\/semikem.ba\/nova\/wp-json\/wp\/v2\/users\/1"}],"replies":[{"embeddable":true,"href":"http:\/\/semikem.ba\/nova\/wp-json\/wp\/v2\/comments?post=272"}],"version-history":[{"count":31,"href":"http:\/\/semikem.ba\/nova\/wp-json\/wp\/v2\/pages\/272\/revisions"}],"predecessor-version":[{"id":1728,"href":"http:\/\/semikem.ba\/nova\/wp-json\/wp\/v2\/pages\/272\/revisions\/1728"}],"wp:attachment":[{"href":"http:\/\/semikem.ba\/nova\/wp-json\/wp\/v2\/media?parent=272"}],"curies":[{"name":"wp","href":"https:\/\/api.w.org\/{rel}","templated":true}]}}